{"id":4237,"date":"2024-06-14T09:46:24","date_gmt":"2024-06-14T07:46:24","guid":{"rendered":"https:\/\/www.humancentricleaders.com\/politique-de-confidentialite\/"},"modified":"2024-08-30T11:23:09","modified_gmt":"2024-08-30T09:23:09","slug":"politique-de-confidentialite","status":"publish","type":"page","link":"https:\/\/www.humancentricleaders.com\/fr\/politique-de-confidentialite\/","title":{"rendered":"Politique de confidentialit\u00e9"},"content":{"rendered":"\n<p>Cette politique de confidentialit\u00e9 expliquera comment notre organisation utilise les donn\u00e9es personnelles que nous recueillons aupr\u00e8s de vous lorsque vous utilisez notre site web. Nous l&rsquo;avons cr\u00e9\u00e9e \u00e0 la suite du r\u00e8glement g\u00e9n\u00e9ral de l&rsquo;UE sur la protection des donn\u00e9es (RGPD). <\/p>\n\n<p><strong>Quelles sont les donn\u00e9es collect\u00e9es ?<\/strong><\/p>\n\n<p>Notre soci\u00e9t\u00e9 recueille les donn\u00e9es suivantes :<\/p>\n\n<p>Informations d&rsquo;identification personnelle <\/p>\n\n<ul class=\"wp-block-list\">\n<li>Pr\u00e9nom, <\/li>\n\n\n\n<li>Nom de famille, <\/li>\n\n\n\n<li>Courriel, <\/li>\n\n\n\n<li>num\u00e9ro de t\u00e9l\u00e9phone (facultatif)<\/li>\n<\/ul>\n\n<p><strong>Comment recueillons-nous vos donn\u00e9es ?<\/strong><\/p>\n\n<p>Vous fournissez directement \u00e0 notre soci\u00e9t\u00e9 la plupart des donn\u00e9es que nous collectons. Nous collectons et traitons des donn\u00e9es lorsque vous : <\/p>\n\n<ul class=\"wp-block-list\">\n<li>S&rsquo;inscrire en ligne ou passer une commande pour l&rsquo;un de nos produits ou services.<\/li>\n\n\n\n<li>Remplir volontairement un formulaire de retour d&rsquo;information que nous vous envoyons.<\/li>\n<\/ul>\n\n<p><strong>Comment utiliserons-nous vos donn\u00e9es ?<\/strong><\/p>\n\n<p>Notre soci\u00e9t\u00e9 recueille vos donn\u00e9es afin de pouvoir :<\/p>\n\n<ul class=\"wp-block-list\">\n<li>g\u00e9rer les services que nous vous fournissons.<\/li>\n\n\n\n<li>Vous envoyer par e-mail des blogs et des nouvelles, y compris d&rsquo;autres produits et services que nous pensons susceptibles de vous int\u00e9resser.<\/li>\n<\/ul>\n\n<p><strong>Comment conservons-nous vos donn\u00e9es ?<\/strong><\/p>\n\n<p>Notre soci\u00e9t\u00e9 stocke vos donn\u00e9es en toute s\u00e9curit\u00e9 \u00e0 l&rsquo;adresse de l&rsquo;entreprise.<\/p>\n\n<p>Notre soci\u00e9t\u00e9 conservera vos coordonn\u00e9es pendant 3 ans, sauf si vous choisissez de ne pas le faire. \u00c0 l&rsquo;issue de cette p\u00e9riode, nous supprimerons vos donn\u00e9es. <\/p>\n\n<p><strong>Marketing<\/strong><\/p>\n\n<p>Notre soci\u00e9t\u00e9 souhaite vous envoyer des informations sur nos produits et services que nous pensons susceptibles de vous int\u00e9resser.<\/p>\n\n<p>Si vous avez accept\u00e9 de recevoir des messages publicitaires, vous pouvez toujours vous y opposer ult\u00e9rieurement.<\/p>\n\n<p>Vous avez le droit, \u00e0 tout moment, d&#8217;emp\u00eacher notre soci\u00e9t\u00e9 de vous contacter \u00e0 des fins de marketing.<\/p>\n\n<p>Si vous ne souhaitez plus \u00eatre contact\u00e9 \u00e0 des fins de marketing, veuillez nous contacter.<\/p>\n\n<p><strong>Quels sont vos droits en mati\u00e8re de protection des donn\u00e9es ?<\/strong><\/p>\n\n<p>Notre soci\u00e9t\u00e9 souhaite s&rsquo;assurer que vous \u00eates pleinement conscient de vos droits en mati\u00e8re de protection des donn\u00e9es. Chaque utilisateur a droit \u00e0 ce qui suit : <\/p>\n\n<p>Droit d&rsquo;acc\u00e8s &#8211; Vous avez le droit de demander \u00e0 notre soci\u00e9t\u00e9 des copies de vos donn\u00e9es personnelles. Il se peut que nous vous facturions une somme modique pour ce service. <\/p>\n\n<p>Droit de rectification &#8211; Vous avez le droit de demander \u00e0 notre soci\u00e9t\u00e9 de corriger toute information que vous estimez inexacte. Vous avez \u00e9galement le droit de demander \u00e0 notre soci\u00e9t\u00e9 de compl\u00e9ter les informations que vous estimez incompl\u00e8tes. <\/p>\n\n<p>Le droit \u00e0 l&rsquo;effacement &#8211; Vous avez le droit de demander \u00e0 Notre Soci\u00e9t\u00e9 d&rsquo;effacer vos donn\u00e9es personnelles, sous certaines conditions.<\/p>\n\n<p>Le droit de restreindre le traitement &#8211; Vous avez le droit de demander \u00e0 notre soci\u00e9t\u00e9 de restreindre le traitement de vos donn\u00e9es personnelles, sous certaines conditions.<\/p>\n\n<p>Le droit de s&rsquo;opposer au traitement &#8211; Vous avez le droit de vous opposer au traitement de vos donn\u00e9es personnelles par Notre Soci\u00e9t\u00e9, sous certaines conditions.<\/p>\n\n<p>Droit \u00e0 la portabilit\u00e9 des donn\u00e9es &#8211; Vous avez le droit de demander \u00e0 notre soci\u00e9t\u00e9 de transf\u00e9rer les donn\u00e9es que nous avons collect\u00e9es \u00e0 une autre organisation, ou directement \u00e0 vous, sous certaines conditions.<\/p>\n\n<p>Si vous faites une demande, nous disposons d&rsquo;un mois pour vous r\u00e9pondre. Si vous souhaitez exercer l&rsquo;un de ces droits, veuillez nous contacter : <\/p>\n\n<p>Email: &#99;&#x6f;n&#x74;&#x61;&#99;&#x74;&#64;&#x68;&#x75;&#109;&#x61;n&#x63;&#x65;&#110;&#x74;r&#x69;&#x63;&#108;&#x65;a&#x64;&#x65;&#114;&#x73;&#46;&#x63;&#x6f;&#109;<\/p>\n\n<p><strong>Cookies<\/strong><\/p>\n\n<p>Les cookies sont des fichiers texte plac\u00e9s sur votre ordinateur pour collecter des informations de journal Internet standard et des informations sur le comportement des visiteurs. Lorsque vous visitez nos sites web, nous pouvons collecter automatiquement des informations vous concernant par le biais de cookies ou d&rsquo;autres technologies similaires. <\/p>\n\n<p>Pour plus d&rsquo;informations, consultez le site <a href=\"http:\/\/allaboutcookies.org\">http:\/\/allaboutcookies.org.<\/a><\/p>\n\n<p><strong>Comment utilisons-nous les cookies ?<\/strong><\/p>\n\n<p>Notre soci\u00e9t\u00e9 utilise des cookies de diff\u00e9rentes mani\u00e8res afin d&rsquo;am\u00e9liorer votre exp\u00e9rience sur notre site web, y compris :<\/p>\n\n<p>Vous garder connect\u00e9<br\/>Comprendre comment vous utilisez notre site web<br\/>Quels types de cookies utilisons-nous ?<br\/>Il existe un certain nombre de types de cookies diff\u00e9rents, mais notre site web en utilise :<\/p>\n\n<p>Fonctionnalit\u00e9 &#8211; Notre soci\u00e9t\u00e9 utilise ces cookies pour vous reconna\u00eetre sur notre site web et se souvenir des pr\u00e9f\u00e9rences que vous avez s\u00e9lectionn\u00e9es pr\u00e9c\u00e9demment. Il peut s&rsquo;agir de la langue que vous pr\u00e9f\u00e9rez et de l&rsquo;endroit o\u00f9 vous vous trouvez. Un m\u00e9lange de cookies de premi\u00e8re partie et de tiers est utilis\u00e9.  <\/p>\n\n<p>Publicit\u00e9 &#8211; Notre soci\u00e9t\u00e9 utilise ces cookies pour collecter des informations sur votre visite sur notre site web, le contenu que vous avez consult\u00e9, les liens que vous avez suivis et des informations sur votre navigateur, votre appareil et votre adresse IP. Notre soci\u00e9t\u00e9 partage parfois certains aspects limit\u00e9s de ces donn\u00e9es avec des tiers \u00e0 des fins publicitaires. Nous pouvons \u00e9galement partager avec nos partenaires publicitaires des donn\u00e9es en ligne collect\u00e9es par le biais de cookies. Cela signifie que lorsque vous visitez un autre site web, vous pouvez recevoir de la publicit\u00e9 bas\u00e9e sur vos habitudes de navigation sur notre site web.   <\/p>\n\n<p><strong>Comment g\u00e9rer les cookies<\/strong><\/p>\n\n<p>Vous pouvez configurer votre navigateur pour qu&rsquo;il n&rsquo;accepte pas les cookies, et le site web susmentionn\u00e9 vous explique comment supprimer les cookies de votre navigateur. Toutefois, dans certains cas, il se peut que certaines fonctionnalit\u00e9s de notre site web ne fonctionnent pas. <\/p>\n\n<p><strong>Politiques de confidentialit\u00e9 d&rsquo;autres sites web<\/strong><\/p>\n\n<p>Le site web de Our Company contient des liens vers d&rsquo;autres sites web. Notre politique de confidentialit\u00e9 ne s&rsquo;applique qu&rsquo;\u00e0 notre site web. Si vous cliquez sur un lien vers un autre site web, vous devez lire sa politique de confidentialit\u00e9. <\/p>\n\n<p><strong>Modifications de notre politique de confidentialit\u00e9<\/strong><\/p>\n\n<p>Notre soci\u00e9t\u00e9 r\u00e9vise r\u00e9guli\u00e8rement sa politique de confidentialit\u00e9 et publie toute mise \u00e0 jour sur cette page web. Cette politique de confidentialit\u00e9 a \u00e9t\u00e9 mise \u00e0 jour pour la derni\u00e8re fois le 17 mars 2021. <\/p>\n\n<p><strong>Comment nous contacter<\/strong><\/p>\n\n<p>Si vous avez des questions sur la politique de confidentialit\u00e9 de notre soci\u00e9t\u00e9, sur les donn\u00e9es que nous d\u00e9tenons sur vous, ou si vous souhaitez exercer l&rsquo;un de vos droits en mati\u00e8re de protection des donn\u00e9es, n&rsquo;h\u00e9sitez pas \u00e0 nous envoyer un courrier \u00e9lectronique.<\/p>\n","protected":false},"excerpt":{"rendered":"<p>Cette politique de confidentialit\u00e9 expliquera comment notre organisation utilise les donn\u00e9es personnelles que nous recueillons aupr\u00e8s de vous lorsque vous utilisez notre site web. Nous l&rsquo;avons cr\u00e9\u00e9e \u00e0 la suite du r\u00e8glement g\u00e9n\u00e9ral de l&rsquo;UE sur la protection des donn\u00e9es (RGPD). Quelles sont les donn\u00e9es collect\u00e9es ? Notre soci\u00e9t\u00e9 recueille les donn\u00e9es suivantes : Informations [&hellip;]<\/p>\n","protected":false},"author":1,"featured_media":0,"parent":0,"menu_order":0,"comment_status":"closed","ping_status":"closed","template":"","meta":{"_seopress_robots_primary_cat":"","_seopress_titles_title":"","_seopress_titles_desc":"","_seopress_robots_index":"yes","footnotes":""},"class_list":["post-4237","page","type-page","status-publish"],"_links":{"self":[{"href":"https:\/\/www.humancentricleaders.com\/fr\/wp-json\/wp\/v2\/pages\/4237","targetHints":{"allow":["GET"]}}],"collection":[{"href":"https:\/\/www.humancentricleaders.com\/fr\/wp-json\/wp\/v2\/pages"}],"about":[{"href":"https:\/\/www.humancentricleaders.com\/fr\/wp-json\/wp\/v2\/types\/page"}],"author":[{"embeddable":true,"href":"https:\/\/www.humancentricleaders.com\/fr\/wp-json\/wp\/v2\/users\/1"}],"replies":[{"embeddable":true,"href":"https:\/\/www.humancentricleaders.com\/fr\/wp-json\/wp\/v2\/comments?post=4237"}],"version-history":[{"count":1,"href":"https:\/\/www.humancentricleaders.com\/fr\/wp-json\/wp\/v2\/pages\/4237\/revisions"}],"predecessor-version":[{"id":4238,"href":"https:\/\/www.humancentricleaders.com\/fr\/wp-json\/wp\/v2\/pages\/4237\/revisions\/4238"}],"wp:attachment":[{"href":"https:\/\/www.humancentricleaders.com\/fr\/wp-json\/wp\/v2\/media?parent=4237"}],"curies":[{"name":"wp","href":"https:\/\/api.w.org\/{rel}","templated":true}]}}